{"id":862,"date":"2025-09-17T13:56:30","date_gmt":"2025-09-17T16:56:30","guid":{"rendered":"https:\/\/institutokayton.com.br\/?page_id=862"},"modified":"2025-09-17T16:56:12","modified_gmt":"2025-09-17T19:56:12","slug":"prestacao-de-contas-e-balancos","status":"publish","type":"page","link":"https:\/\/institutokayton.com.br\/?page_id=862","title":{"rendered":"Presta\u00e7\u00e3o de Contas e Balan\u00e7os"},"content":{"rendered":"\t\t<div data-elementor-type=\"wp-page\" data-elementor-id=\"862\" class=\"elementor elementor-862\" data-elementor-post-type=\"page\">\n\t\t\t\t<div class=\"elementor-element elementor-element-d0b507e e-flex e-con-boxed e-con e-parent\" data-id=\"d0b507e\" data-element_type=\"container\" data-e-type=\"container\">\n\t\t\t\t\t<div class=\"e-con-inner\">\n\t\t\t\t<div class=\"elementor-element elementor-element-e6d9970 elementor-widget__width-initial elementor-widget elementor-widget-pdfjs-viewer\" data-id=\"e6d9970\" data-element_type=\"widget\" data-e-type=\"widget\" data-widget_type=\"pdfjs-viewer.default\">\n\t\t\t\t<div class=\"elementor-widget-container\">\n\t\t\t\t\t<iframe width=\"1140\" height=\"800\" src=\"https:\/\/institutokayton.com.br\/wp-content\/plugins\/pdfjs-viewer-for-elementor\/\/assets\/js\/pdfjs\/web\/viewer.html?file=https:\/\/institutokayton.com.br\/wp-content\/uploads\/2025\/09\/Blancete-122022-assinado.pdf\"><\/iframe>\t\t\t\t<\/div>\n\t\t\t\t<\/div>\n\t\t\t\t\t<\/div>\n\t\t\t\t<\/div>\n\t\t<div class=\"elementor-element elementor-element-ddce546 e-flex e-con-boxed e-con e-parent\" data-id=\"ddce546\" data-element_type=\"container\" data-e-type=\"container\">\n\t\t\t\t\t<div class=\"e-con-inner\">\n\t\t\t\t<div class=\"elementor-element elementor-element-802c03e elementor-widget elementor-widget-pdfjs-viewer\" data-id=\"802c03e\" data-element_type=\"widget\" data-e-type=\"widget\" data-widget_type=\"pdfjs-viewer.default\">\n\t\t\t\t<div class=\"elementor-widget-container\">\n\t\t\t\t\t<iframe width=\"1140\" height=\"800\" src=\"https:\/\/institutokayton.com.br\/wp-content\/plugins\/pdfjs-viewer-for-elementor\/\/assets\/js\/pdfjs\/web\/viewer.html?file=https:\/\/institutokayton.com.br\/wp-content\/uploads\/2025\/09\/Balancete-Inst-Kayton-assinado.pdf\"><\/iframe>\t\t\t\t<\/div>\n\t\t\t\t<\/div>\n\t\t\t\t\t<\/div>\n\t\t\t\t<\/div>\n\t\t<div class=\"elementor-element elementor-element-68545a7 e-flex e-con-boxed e-con e-parent\" data-id=\"68545a7\" data-element_type=\"container\" data-e-type=\"container\">\n\t\t\t\t\t<div class=\"e-con-inner\">\n\t\t\t\t<div class=\"elementor-element elementor-element-be06d6c elementor-widget elementor-widget-pdfjs-viewer\" data-id=\"be06d6c\" data-element_type=\"widget\" data-e-type=\"widget\" data-widget_type=\"pdfjs-viewer.default\">\n\t\t\t\t<div class=\"elementor-widget-container\">\n\t\t\t\t\t<iframe width=\"1140\" height=\"800\" src=\"https:\/\/institutokayton.com.br\/wp-content\/plugins\/pdfjs-viewer-for-elementor\/\/assets\/js\/pdfjs\/web\/viewer.html?file=https:\/\/institutokayton.com.br\/wp-content\/uploads\/2025\/09\/Blancete-122023-assinado.pdf\"><\/iframe>\t\t\t\t<\/div>\n\t\t\t\t<\/div>\n\t\t\t\t\t<\/div>\n\t\t\t\t<\/div>\n\t\t<div class=\"elementor-element elementor-element-69cfda9 e-flex e-con-boxed e-con e-parent\" data-id=\"69cfda9\" data-element_type=\"container\" data-e-type=\"container\">\n\t\t\t\t\t<div class=\"e-con-inner\">\n\t\t\t\t<div class=\"elementor-element elementor-element-397c561 elementor-widget elementor-widget-pdfjs-viewer\" data-id=\"397c561\" data-element_type=\"widget\" data-e-type=\"widget\" data-widget_type=\"pdfjs-viewer.default\">\n\t\t\t\t<div class=\"elementor-widget-container\">\n\t\t\t\t\t<iframe width=\"1140\" height=\"800\" src=\"https:\/\/institutokayton.com.br\/wp-content\/plugins\/pdfjs-viewer-for-elementor\/\/assets\/js\/pdfjs\/web\/viewer.html?file=https:\/\/institutokayton.com.br\/wp-content\/uploads\/2025\/09\/Balancete-032024-assinado-1.pdf\"><\/iframe>\t\t\t\t<\/div>\n\t\t\t\t<\/div>\n\t\t\t\t\t<\/div>\n\t\t\t\t<\/div>\n\t\t<div class=\"elementor-element elementor-element-f36a96f e-flex e-con-boxed e-con e-parent\" data-id=\"f36a96f\" data-element_type=\"container\" data-e-type=\"container\">\n\t\t\t\t\t<div class=\"e-con-inner\">\n\t\t\t\t<div class=\"elementor-element elementor-element-93b90cd elementor-widget elementor-widget-pdfjs-viewer\" data-id=\"93b90cd\" data-element_type=\"widget\" data-e-type=\"widget\" data-widget_type=\"pdfjs-viewer.default\">\n\t\t\t\t<div class=\"elementor-widget-container\">\n\t\t\t\t\t<iframe width=\"1140\" height=\"800\" src=\"https:\/\/institutokayton.com.br\/wp-content\/plugins\/pdfjs-viewer-for-elementor\/\/assets\/js\/pdfjs\/web\/viewer.html?file=https:\/\/institutokayton.com.br\/wp-content\/uploads\/2025\/09\/PLANO_DE_TRABALHO_Kaeton_menda_Impositiva_2025_Assinar_Hoje_assinado-1-1.pdf\"><\/iframe>\t\t\t\t<\/div>\n\t\t\t\t<\/div>\n\t\t\t\t\t<\/div>\n\t\t\t\t<\/div>\n\t\t\t\t<\/div>\n\t\t","protected":false},"excerpt":{"rendered":"","protected":false},"author":1,"featured_media":0,"parent":0,"menu_order":0,"comment_status":"closed","ping_status":"closed","template":"elementor_canvas","meta":{"ocean_post_layout":"","ocean_both_sidebars_style":"","ocean_both_sidebars_content_width":0,"ocean_both_sidebars_sidebars_width":0,"ocean_sidebar":"0","ocean_second_sidebar":"0","ocean_disable_margins":"enable","ocean_add_body_class":"","ocean_shortcode_before_top_bar":"","ocean_shortcode_after_top_bar":"","ocean_shortcode_before_header":"","ocean_shortcode_after_header":"","ocean_has_shortcode":"","ocean_shortcode_after_title":"","ocean_shortcode_before_footer_widgets":"","ocean_shortcode_after_footer_widgets":"","ocean_shortcode_before_footer_bottom":"","ocean_shortcode_after_footer_bottom":"","ocean_display_top_bar":"default","ocean_display_header":"default","ocean_header_style":"","ocean_center_header_left_menu":"0","ocean_custom_header_template":"0","ocean_custom_logo":0,"ocean_custom_retina_logo":0,"ocean_custom_logo_max_width":0,"ocean_custom_logo_tablet_max_width":0,"ocean_custom_logo_mobile_max_width":0,"ocean_custom_logo_max_height":0,"ocean_custom_logo_tablet_max_height":0,"ocean_custom_logo_mobile_max_height":0,"ocean_header_custom_menu":"0","ocean_menu_typo_font_family":"0","ocean_menu_typo_font_subset":"","ocean_menu_typo_font_size":0,"ocean_menu_typo_font_size_tablet":0,"ocean_menu_typo_font_size_mobile":0,"ocean_menu_typo_font_size_unit":"px","ocean_menu_typo_font_weight":"","ocean_menu_typo_font_weight_tablet":"","ocean_menu_typo_font_weight_mobile":"","ocean_menu_typo_transform":"","ocean_menu_typo_transform_tablet":"","ocean_menu_typo_transform_mobile":"","ocean_menu_typo_line_height":0,"ocean_menu_typo_line_height_tablet":0,"ocean_menu_typo_line_height_mobile":0,"ocean_menu_typo_line_height_unit":"","ocean_menu_typo_spacing":0,"ocean_menu_typo_spacing_tablet":0,"ocean_menu_typo_spacing_mobile":0,"ocean_menu_typo_spacing_unit":"","ocean_menu_link_color":"","ocean_menu_link_color_hover":"","ocean_menu_link_color_active":"","ocean_menu_link_background":"","ocean_menu_link_hover_background":"","ocean_menu_link_active_background":"","ocean_menu_social_links_bg":"","ocean_menu_social_hover_links_bg":"","ocean_menu_social_links_color":"","ocean_menu_social_hover_links_color":"","ocean_disable_title":"default","ocean_disable_heading":"default","ocean_post_title":"","ocean_post_subheading":"","ocean_post_title_style":"","ocean_post_title_background_color":"","ocean_post_title_background":0,"ocean_post_title_bg_image_position":"","ocean_post_title_bg_image_attachment":"","ocean_post_title_bg_image_repeat":"","ocean_post_title_bg_image_size":"","ocean_post_title_height":0,"ocean_post_title_bg_overlay":0.5,"ocean_post_title_bg_overlay_color":"","ocean_disable_breadcrumbs":"default","ocean_breadcrumbs_color":"","ocean_breadcrumbs_separator_color":"","ocean_breadcrumbs_links_color":"","ocean_breadcrumbs_links_hover_color":"","ocean_display_footer_widgets":"default","ocean_display_footer_bottom":"default","ocean_custom_footer_template":"0","footnotes":""},"class_list":["post-862","page","type-page","status-publish","hentry","entry"],"_links":{"self":[{"href":"https:\/\/institutokayton.com.br\/index.php?rest_route=\/wp\/v2\/pages\/862","targetHints":{"allow":["GET"]}}],"collection":[{"href":"https:\/\/institutokayton.com.br\/index.php?rest_route=\/wp\/v2\/pages"}],"about":[{"href":"https:\/\/institutokayton.com.br\/index.php?rest_route=\/wp\/v2\/types\/page"}],"author":[{"embeddable":true,"href":"https:\/\/institutokayton.com.br\/index.php?rest_route=\/wp\/v2\/users\/1"}],"replies":[{"embeddable":true,"href":"https:\/\/institutokayton.com.br\/index.php?rest_route=%2Fwp%2Fv2%2Fcomments&post=862"}],"version-history":[{"count":7,"href":"https:\/\/institutokayton.com.br\/index.php?rest_route=\/wp\/v2\/pages\/862\/revisions"}],"predecessor-version":[{"id":881,"href":"https:\/\/institutokayton.com.br\/index.php?rest_route=\/wp\/v2\/pages\/862\/revisions\/881"}],"wp:attachment":[{"href":"https:\/\/institutokayton.com.br\/index.php?rest_route=%2Fwp%2Fv2%2Fmedia&parent=862"}],"curies":[{"name":"wp","href":"https:\/\/api.w.org\/{rel}","templated":true}]}}